{"id":265,"date":"2018-05-18T13:51:26","date_gmt":"2018-05-18T13:51:26","guid":{"rendered":"http:\/\/bridge238.qodeinteractive.com\/?page_id=5"},"modified":"2025-12-02T17:13:14","modified_gmt":"2025-12-02T17:13:14","slug":"home","status":"publish","type":"page","link":"https:\/\/www.scandinaviandesignmarket.fi\/","title":{"rendered":"Home"},"content":{"rendered":"<p>[vc_row css_animation=&#8221;&#8221; row_type=&#8221;row&#8221; use_row_as_full_screen_section=&#8221;no&#8221; type=&#8221;full_width&#8221; angled_section=&#8221;no&#8221; text_align=&#8221;left&#8221; background_image_as_pattern=&#8221;without_pattern&#8221;][vc_column][rev_slider_vc alias=&#8221;home&#8221;][\/vc_column][\/vc_row][vc_row css_animation=&#8221;&#8221; row_type=&#8221;row&#8221; use_row_as_full_screen_section=&#8221;no&#8221; type=&#8221;grid&#8221; angled_section=&#8221;no&#8221; text_align=&#8221;left&#8221; background_image_as_pattern=&#8221;without_pattern&#8221; anchor=&#8221;about&#8221; padding_top=&#8221;180&#8243; z_index=&#8221;&#8221;][vc_column offset=&#8221;vc_col-lg-offset-0 vc_col-lg-6 vc_col-md-offset-0 vc_col-md-6 vc_col-sm-offset-0 vc_col-xs-12&#8243;][qode_elements_holder number_of_columns=&#8221;one_column&#8221;][qode_elements_holder_item advanced_animations=&#8221;no&#8221; item_padding=&#8221;0px 10px 0px 10px&#8221; item_padding_1280_1440=&#8221;0px 10px 0px 10px&#8221; item_padding_1024_1280=&#8221;0px 0px 0px 0px&#8221; item_padding_768_1024=&#8221;0px 0px 0px 0px&#8221; item_padding_600_768=&#8221;0px 0px 0px 0px&#8221; item_padding_480_600=&#8221;0px 0px 0px 0px&#8221; item_padding_480=&#8221;0px 0px 0px 0px&#8221;][vc_single_image image=&#8221;542&#8243; img_size=&#8221;full&#8221; qode_css_animation=&#8221;&#8221;][\/qode_elements_holder_item][\/qode_elements_holder][\/vc_column][vc_column offset=&#8221;vc_col-lg-offset-0 vc_col-lg-6 vc_col-md-offset-0 vc_col-md-6 vc_col-sm-offset-0 vc_col-xs-12&#8243;][qode_elements_holder number_of_columns=&#8221;one_column&#8221;][qode_elements_holder_item advanced_animations=&#8221;no&#8221; item_padding=&#8221;80px 0px 0px 0px&#8221; item_padding_1280_1440=&#8221;79px 0px 0px 0px&#8221; item_padding_1024_1280=&#8221;79px 0px 0px 0px&#8221; item_padding_768_1024=&#8221;50px 0px 0px 0px&#8221; item_padding_600_768=&#8221;50px 0px 0px 0px&#8221; item_padding_480_600=&#8221;50px 0px 0px 0px&#8221; item_padding_480=&#8221;50px 0px 0px 0px&#8221;][vc_column_text]<\/p>\n<h1>Scandinavian Design Market<\/h1>\n<p>[\/vc_column_text][\/qode_elements_holder_item][\/qode_elements_holder][\/vc_column][\/vc_row][vc_row css_animation=&#8221;&#8221; row_type=&#8221;row&#8221; use_row_as_full_screen_section=&#8221;no&#8221; type=&#8221;grid&#8221; angled_section=&#8221;no&#8221; text_align=&#8221;left&#8221; background_image_as_pattern=&#8221;without_pattern&#8221; z_index=&#8221;&#8221;][vc_column css=&#8221;.vc_custom_1614163647851{margin-top: -380px !important;}&#8221;][qode_elements_holder number_of_columns=&#8221;one_column&#8221;][qode_elements_holder_item advanced_animations=&#8221;no&#8221; item_padding=&#8221;0px 16% 0px 57.8%&#8221; item_padding_1280_1440=&#8221;0px 16% 0px 57.8%&#8221; item_padding_1024_1280=&#8221;27px 16% 0px 58.7%&#8221; item_padding_768_1024=&#8221;81px 14% 0px 59.7%&#8221; item_padding_600_768=&#8221;302px 14% 0px 13%&#8221; item_padding_480_600=&#8221;300px 0% 0px 7.8%&#8221; item_padding_480=&#8221;300px 0% 0px 7.8%&#8221;][vc_column_text el_id=&#8221;&#8221;meista&#8221;&#8221;]<\/p>\n<h2>Mit\u00e4 me olemme?<\/h2>\n<p>[\/vc_column_text][\/qode_elements_holder_item][\/qode_elements_holder][\/vc_column][\/vc_row][vc_row css_animation=&#8221;&#8221; row_type=&#8221;row&#8221; use_row_as_full_screen_section=&#8221;no&#8221; type=&#8221;grid&#8221; angled_section=&#8221;no&#8221; text_align=&#8221;left&#8221; background_image_as_pattern=&#8221;without_pattern&#8221; z_index=&#8221;&#8221;][vc_column css=&#8221;.vc_custom_1614163735459{margin-top: -340px !important;}&#8221;][qode_elements_holder number_of_columns=&#8221;one_column&#8221;][qode_elements_holder_item advanced_animations=&#8221;no&#8221; item_padding=&#8221;0px 7% 0px 69%&#8221; item_padding_1280_1440=&#8221;0px 7% 0px 55%&#8221; item_padding_1024_1280=&#8221;30px 3% 0px 55%&#8221; item_padding_768_1024=&#8221;95px 3% 0px 55%&#8221; item_padding_600_768=&#8221;299px 16% 0px 30%&#8221; item_padding_480_600=&#8221;291px 0% 0px 35%&#8221; item_padding_480=&#8221;291px 0% 0px 35%&#8221;][vc_empty_space height=&#8221;20px&#8221;][vc_column_text]<\/p>\n<p class=\"p1\">Scandinavian Design Market on Pohjois-Suomen suurin designin myyntitapahtuma ja se on j\u00e4rjestetty vuodesta 2019 asti. Tapahtumassa on ollut mukana tuhansia asiakkaita ja kymmeni\u00e4 br\u00e4ndej\u00e4.<\/p>\n<p>[\/vc_column_text][vc_empty_space height=&#8221;33px&#8221;][\/qode_elements_holder_item][\/qode_elements_holder][\/vc_column][\/vc_row][vc_row css_animation=&#8221;&#8221; row_type=&#8221;row&#8221; use_row_as_full_screen_section=&#8221;no&#8221; type=&#8221;grid&#8221; angled_section=&#8221;no&#8221; text_align=&#8221;center&#8221; background_image_as_pattern=&#8221;without_pattern&#8221; z_index=&#8221;&#8221;][vc_column css=&#8221;.vc_custom_1526893414684{margin-top: -36px !important;}&#8221;][qode_elements_holder number_of_columns=&#8221;one_column&#8221;][qode_elements_holder_item advanced_animations=&#8221;no&#8221; item_padding=&#8221;0px 16% 0px&#8221; item_padding_1280_1440=&#8221;0px 16% 0px&#8221; item_padding_1024_1280=&#8221;0px 16% 0px&#8221; item_padding_768_1024=&#8221;0px 8% 0px&#8221; item_padding_600_768=&#8221;0px 0% 0px&#8221; item_padding_480_600=&#8221;0px 0% 0px&#8221; item_padding_480=&#8221;0px 0% 0px&#8221;]<div class=\"qode_vertical_separator\" style=\"height: 100px;width: 1px;background-color: #000000\">\n<\/div>[vc_empty_space height=&#8221;25px&#8221;][vc_column_text]<\/p>\n<h5 style=\"text-align: center;\">Katso mit\u00e4 me puuhaamme juuri nyt!<\/h5>\n<p>[\/vc_column_text][\/qode_elements_holder_item][\/qode_elements_holder][\/vc_column][\/vc_row][vc_row css_animation=&#8221;&#8221; row_type=&#8221;row&#8221; use_row_as_full_screen_section=&#8221;no&#8221; type=&#8221;grid&#8221; angled_section=&#8221;no&#8221; text_align=&#8221;right&#8221; background_image_as_pattern=&#8221;without_pattern&#8221; z_index=&#8221;&#8221; css=&#8221;.vc_custom_1526904892987{padding-top: 102px !important;}&#8221;][vc_column width=&#8221;1\/2&#8243;][vc_row_inner row_type=&#8221;row&#8221; type=&#8221;full_width&#8221; text_align=&#8221;left&#8221; css_animation=&#8221;&#8221;][vc_column_inner]<div class='q_icon_with_title tiny normal_icon '><div class=\"icon_holder \" style=\" \"><span data-icon-type=\"normal\"  data-icon-hover-color=\"#000000\" style=\"font-size: 44px;\" class=\"qode_iwt_icon_holder q_font_awsome_icon fa-lg  \"><i class=\"qode_icon_font_awesome fa fa-instagram qode_iwt_icon_element\" style=\"color: #000000;\" ><\/i><\/span><\/div><div class=\"icon_text_holder\" style=\"\"><div class=\"icon_text_inner\" style=\"\"><h2 class=\"icon_title\" style=\"color: #000000;\">@designmarketoulu<\/h2><p style=''><\/p><a itemprop='url' class='icon_with_title_link' href='https:\/\/www.instagram.com\/designmarketoulu?igsh=MXV3ajl2MnY0bHV0bg==' target='_self' style=''>Read More<\/a><\/div><\/div><\/div>[\/vc_column_inner][\/vc_row_inner][\/vc_column][vc_column width=&#8221;1\/2&#8243;]\n\n\t<a href=\"https:\/\/www.instagram.com\/designmarketoulu\" target=\"_blank\" style=\"color: #000000\" class=\"qode-btn qode-btn-medium qode-btn-simple qode-btn-custom-hover-color qode-button-with-separator qode-btn-default-hover\" data-hover-color=\"#e388a8\" >\n\t    <span class=\"qode-btn-text\">Seuraa meit\u00e4<\/span>\t<\/a>\n\n[vc_empty_space height=&#8221;23px&#8221;][\/vc_column][\/vc_row][vc_row css_animation=&#8221;&#8221; row_type=&#8221;row&#8221; use_row_as_full_screen_section=&#8221;no&#8221; type=&#8221;full_width&#8221; angled_section=&#8221;no&#8221; text_align=&#8221;left&#8221; background_image_as_pattern=&#8221;without_pattern&#8221; anchor=&#8221;vahvuudet&#8221; z_index=&#8221;&#8221;][vc_column][qode_elements_holder number_of_columns=&#8221;one_column&#8221;][qode_elements_holder_item advanced_animations=&#8221;no&#8221; item_padding=&#8221;105px 0px 0px 144px&#8221; item_padding_1280_1440=&#8221;105px 0px 0px 144px&#8221; item_padding_1024_1280=&#8221;105px 0px 0px 144px&#8221; item_padding_768_1024=&#8221;105px 0px 0px 144px&#8221; item_padding_600_768=&#8221;105px 0px 0px 144px&#8221; item_padding_480_600=&#8221;39px 0px 0px 20px&#8221; item_padding_480=&#8221;39px 0px 0px 20px&#8221;][vc_column_text]<\/p>\n<h1 style=\"text-align: left;\">N\u00e4in toimimme<\/h1>\n<p>[\/vc_column_text][\/qode_elements_holder_item][\/qode_elements_holder][\/vc_column][\/vc_row][vc_row css_animation=&#8221;&#8221; row_type=&#8221;row&#8221; use_row_as_full_screen_section=&#8221;no&#8221; type=&#8221;grid&#8221; angled_section=&#8221;no&#8221; text_align=&#8221;left&#8221; background_image_as_pattern=&#8221;without_pattern&#8221; z_index=&#8221;&#8221;][vc_column css=&#8221;.vc_custom_1526893414684{margin-top: -36px !important;}&#8221;][qode_elements_holder number_of_columns=&#8221;one_column&#8221;][qode_elements_holder_item advanced_animations=&#8221;no&#8221; item_padding=&#8221;0px 28% 0px&#8221; item_padding_1280_1440=&#8221;0px 28% 0px&#8221; item_padding_1024_1280=&#8221;0px 28% 0px&#8221; item_padding_768_1024=&#8221;0px 28% 0px&#8221; item_padding_600_768=&#8221;4px 18% 0px&#8221; item_padding_480_600=&#8221;0px 0% 0px&#8221; item_padding_480=&#8221;0px 0% 0px&#8221;][vc_column_text]<\/p>\n<h2>Ajankohtaista<\/h2>\n<p>[\/vc_column_text][vc_empty_space height=&#8221;32&#8243;][\/qode_elements_holder_item][\/qode_elements_holder][\/vc_column][\/vc_row][vc_row css_animation=&#8221;&#8221; row_type=&#8221;row&#8221; use_row_as_full_screen_section=&#8221;no&#8221; type=&#8221;full_width&#8221; angled_section=&#8221;no&#8221; text_align=&#8221;left&#8221; background_image_as_pattern=&#8221;without_pattern&#8221; css=&#8221;.vc_custom_1565344074564{margin-right: 30px !important;margin-left: 30px !important;padding-right: 3px !important;padding-left: 3px !important;}&#8221; z_index=&#8221;&#8221;][vc_column width=&#8221;1\/3&#8243;][vc_single_image image=&#8221;704&#8243; img_size=&#8221;medium&#8221; qode_css_animation=&#8221;&#8221;][vc_empty_space height=&#8221;13px&#8221;][vc_column_text]<\/p>\n<h2>Scandinavian Design Market &#8211; OULU<\/h2>\n<p>[\/vc_column_text][vc_empty_space height=&#8221;13px&#8221;][vc_separator type=&#8221;normal&#8221; color=&#8221;#000000&#8243; up=&#8221;20&#8243; down=&#8221;16&#8243;][vc_column_text]<\/p>\n<h4><span style=\"font-weight: 400;\">Kohta n\u00e4hd\u00e4\u00e4n: 13.-14.12.2025<\/span><\/h4>\n<p>[\/vc_column_text][vc_column_text]Scandinavian Design Market Oulun Tullisalissa!<\/p>\n<p>Joulun Scandinavian Design Market j\u00e4rjestet\u00e4\u00e4n lauantaina ja sunnuntaina 13.-14.12.2025.<\/p>\n<p>\ud83d\udccd Tullisali, Tyrn\u00e4v\u00e4ntie 16, Oulu<br \/>\n\ud83d\udcc5 13.-14.12. lauantaina 10-17 ja sunnuntaina 10-16<br \/>\n\u2763\ufe0f Vapaa sis\u00e4\u00e4np\u00e4\u00e4sy<\/p>\n<p>Halusimme tuoda Pohjois-Suomen suurimman designin myyntitapahtuman takaisin jouluksi ja tarjota uniikin kattauksen ihania joululahjaideoita.[\/vc_column_text][vc_empty_space height=&#8221;13px&#8221;][\/vc_column][vc_column width=&#8221;1\/3&#8243;][vc_single_image image=&#8221;573&#8243; img_size=&#8221;medium&#8221; qode_css_animation=&#8221;&#8221;][vc_empty_space height=&#8221;13px&#8221;][vc_column_text]<\/p>\n<h2>VIERAILIJALLE<\/h2>\n<p>[\/vc_column_text][vc_empty_space height=&#8221;13px&#8221;][vc_separator type=&#8221;normal&#8221; color=&#8221;#000000&#8243; up=&#8221;20&#8243; down=&#8221;16&#8243;][vc_column_text]<\/p>\n<h4><span style=\"font-weight: 400;\">TERVETULOA k\u00e4ym\u00e4\u00e4n!<\/span><\/h4>\n<p>[\/vc_column_text][vc_column_text]T\u00e4t\u00e4 tapahtumaa ei olisi olemassa ilman asiakkaita. Haluamme aina kehitt\u00e4\u00e4 tapahtumaa paremmin palvelemaan juurikin asiakkaitamme. Eli jos sinulla on mieless\u00e4 palautetta, br\u00e4ndiehdotuksia tai muita ideoita, laita meille viesti\u00e4 niin voimme kehitty\u00e4.[\/vc_column_text][vc_empty_space height=&#8221;13px&#8221;][\/vc_column][vc_column width=&#8221;1\/3&#8243;][vc_single_image image=&#8221;487&#8243; img_size=&#8221;medium&#8221; qode_css_animation=&#8221;&#8221;][vc_empty_space height=&#8221;13px&#8221;][vc_column_text]<\/p>\n<h2>Suomalaista designia!<\/h2>\n<p>[\/vc_column_text][vc_empty_space height=&#8221;13px&#8221;][vc_separator type=&#8221;normal&#8221; color=&#8221;#000000&#8243; up=&#8221;20&#8243; down=&#8221;16&#8243;][vc_column_text]<\/p>\n<p class=\"p1\">Scandinavian Design Market tuo yhteen Suomen ja koko pohjoisen Skandinavian kiinnostavimmat designbr\u00e4ndit erilaisten tapahtumien muodossa.<\/p>\n<p class=\"p1\">Tapahtumat kokoavat yhteen kymmeni\u00e4 br\u00e4ndej\u00e4 ymp\u00e4ri pohjolaa useamman kerran vuodessa. Tapahtumaa on j\u00e4rjestetty Oulussa vuodesta 2019 asti.<\/p>\n<p>J\u00e4rjest\u00e4mme designtapahtumia my\u00f6s osana muita kokonaisuuksia. 2022 j\u00e4rjestimme \u00c4\u00c4RI design expon osana Rovaniemen Arctic Design Weeki\u00e4 ja Design Street -myyntitapahtuman osana Qstock -festivaalia.[\/vc_column_text][vc_empty_space height=&#8221;13px&#8221;][\/vc_column][\/vc_row][vc_row css_animation=&#8221;&#8221; row_type=&#8221;row&#8221; use_row_as_full_screen_section=&#8221;no&#8221; type=&#8221;full_width&#8221; angled_section=&#8221;no&#8221; text_align=&#8221;left&#8221; background_image_as_pattern=&#8221;without_pattern&#8221; anchor=&#8221;contact&#8221; z_index=&#8221;&#8221;][vc_column][qode_elements_holder number_of_columns=&#8221;one_column&#8221;][qode_elements_holder_item advanced_animations=&#8221;no&#8221; item_padding=&#8221;105px 0px 0px 144px&#8221; item_padding_1280_1440=&#8221;105px 0px 0px 144px&#8221; item_padding_1024_1280=&#8221;105px 0px 0px 144px&#8221; item_padding_768_1024=&#8221;105px 0px 0px 144px&#8221; item_padding_600_768=&#8221;105px 0px 0px 144px&#8221; item_padding_480_600=&#8221;39px 0px 0px 20px&#8221; item_padding_480=&#8221;39px 0px 0px 20px&#8221;][vc_column_text]<\/p>\n<h1 style=\"text-align: left;\">Jotain mieless\u00e4?<\/h1>\n<p>[\/vc_column_text][\/qode_elements_holder_item][\/qode_elements_holder][\/vc_column][\/vc_row][vc_row css_animation=&#8221;&#8221; row_type=&#8221;row&#8221; use_row_as_full_screen_section=&#8221;no&#8221; type=&#8221;grid&#8221; angled_section=&#8221;no&#8221; text_align=&#8221;left&#8221; background_image_as_pattern=&#8221;without_pattern&#8221; z_index=&#8221;&#8221; el_id=&#8221;contact&#8221;][vc_column css=&#8221;.vc_custom_1614163857265{margin-top: -30px !important;}&#8221;][qode_elements_holder number_of_columns=&#8221;one_column&#8221;][qode_elements_holder_item advanced_animations=&#8221;no&#8221; item_padding=&#8221;0px 14% 0px&#8221; item_padding_1280_1440=&#8221;0px 28% 0px&#8221; item_padding_1024_1280=&#8221;0px 28% 0px&#8221; item_padding_768_1024=&#8221;0px 28% 0px&#8221; item_padding_600_768=&#8221;4px 18% 0px&#8221; item_padding_480_600=&#8221;0px 0% 0px&#8221; item_padding_480=&#8221;0px 0% 0px&#8221;][vc_empty_space][vc_column_text]<\/p>\n<h2>J\u00e4t\u00e4 meille viesti<\/h2>\n<p>[\/vc_column_text][\/qode_elements_holder_item][\/qode_elements_holder][\/vc_column][\/vc_row][vc_row css_animation=&#8221;&#8221; row_type=&#8221;row&#8221; use_row_as_full_screen_section=&#8221;no&#8221; type=&#8221;grid&#8221; angled_section=&#8221;no&#8221; text_align=&#8221;left&#8221; background_image_as_pattern=&#8221;without_pattern&#8221; z_index=&#8221;&#8221;][vc_column css=&#8221;.vc_custom_1526893414684{margin-top: -36px !important;}&#8221;][qode_elements_holder number_of_columns=&#8221;two_columns&#8221;][qode_elements_holder_item advanced_animations=&#8221;no&#8221; item_padding=&#8221;0px 0% 0px&#8221; item_padding_1280_1440=&#8221;0px 0% 0px&#8221; item_padding_1024_1280=&#8221;0px 0% 0px&#8221; item_padding_768_1024=&#8221;0px 0% 0px&#8221; item_padding_600_768=&#8221;0px 0% 100px&#8221; item_padding_480_600=&#8221;0px 0% 0px&#8221; item_padding_480=&#8221;0px 0% 0px&#8221;][vc_empty_space height=&#8221;42px&#8221;][vc_column_text]<\/p>\n<p style=\"text-align: left;\"><span style=\"font-weight: 400;\">Onko sinulla kysytt\u00e4v\u00e4\u00e4 tulevista tapahtumista tai palautetta viimeisimm\u00e4st\u00e4 tapahtumasta? Tai jokin muu ehdotus, idea tai mielipide? Laita meille viesti\u00e4! Haluamme jatkuvasti kehitt\u00e4\u00e4 toimintaamme palvelemaan aina vain paremmin asiakkaitamme.<\/span><\/p>\n<p>[\/vc_column_text][vc_empty_space height=&#8221;30px&#8221;]<div role=\"form\" class=\"wpcf7\" id=\"wpcf7-f144-o1\" lang=\"en-US\" dir=\"ltr\">\n<div class=\"screen-reader-response\"><\/div>\n<form action=\"\/index.php\/wp-json\/wp\/v2\/pages\/265#wpcf7-f144-o1\" method=\"post\" class=\"wpcf7-form cf7_custom_style_1\" novalidate=\"novalidate\">\n<div style=\"display: none;\">\n<input type=\"hidden\" name=\"_wpcf7\" value=\"144\" \/>\n<input type=\"hidden\" name=\"_wpcf7_version\" value=\"5.1.4\" \/>\n<input type=\"hidden\" name=\"_wpcf7_locale\" value=\"en_US\" \/>\n<input type=\"hidden\" name=\"_wpcf7_unit_tag\" value=\"wpcf7-f144-o1\" \/>\n<input type=\"hidden\" name=\"_wpcf7_container_post\" value=\"0\" \/>\n<\/div>\n<div class=\"two_columns_50_50 clearfix\">\n<div class=\"column1\">\n<div class=\"column_inner\">\n   <span class=\"wpcf7-form-control-wrap your-name\"><input type=\"text\" name=\"your-name\" value=\"\" size=\"40\" class=\"wpcf7-form-control wpcf7-text wpcf7-validates-as-required\" aria-required=\"true\" aria-invalid=\"false\" placeholder=\"Nimi\" \/><\/span>\n  <\/div><\/div>\n<div class=\"column2\">\n<div class=\"column_inner\">\n   <span class=\"wpcf7-form-control-wrap your-email\"><input type=\"email\" name=\"your-email\" value=\"\" size=\"40\" class=\"wpcf7-form-control wpcf7-text wpcf7-email wpcf7-validates-as-required wpcf7-validates-as-email\" aria-required=\"true\" aria-invalid=\"false\" placeholder=\"S\u00e4hk\u00f6posti\" \/><\/span>\n  <\/div><\/div>\n<\/div>\n<div>\n<span class=\"wpcf7-form-control-wrap message\"><textarea name=\"message\" cols=\"40\" rows=\"10\" class=\"wpcf7-form-control wpcf7-textarea wpcf7-validates-as-required\" aria-required=\"true\" aria-invalid=\"false\" placeholder=\"Viesti\"><\/textarea><\/span>\n<\/div>\n<div>\n<input type=\"submit\" value=\"L\u00e4het\u00e4\" class=\"wpcf7-form-control wpcf7-submit\" \/>\n<\/div>\n<div class=\"wpcf7-response-output wpcf7-display-none\"><\/div><\/form><\/div>[\/qode_elements_holder_item][qode_elements_holder_item horizontal_alignment=&#8221;right&#8221; advanced_animations=&#8221;yes&#8221; start_position=&#8221;center&#8221; end_position=&#8221;center&#8221; item_padding=&#8221;2px 0% 0px&#8221; item_padding_1280_1440=&#8221;2px 0% 0px&#8221; item_padding_1024_1280=&#8221;2px 0% 0px&#8221; item_padding_768_1024=&#8221;2px 10% 0px&#8221; item_padding_600_768=&#8221;0px 9% 0px&#8221; item_padding_480_600=&#8221;70px 0% 0px&#8221; item_padding_480=&#8221;70px 0% 0px&#8221;][vc_single_image image=&#8221;490&#8243; img_size=&#8221;full&#8221; alignment=&#8221;right&#8221; qode_css_animation=&#8221;element_from_right&#8221; css=&#8221;.vc_custom_1618576401135{padding-top: 20px !important;padding-right: 20px !important;padding-bottom: 20px !important;padding-left: 20px !important;}&#8221;][\/qode_elements_holder_item][\/qode_elements_holder][\/vc_column][\/vc_row][vc_row css_animation=&#8221;&#8221; row_type=&#8221;row&#8221; use_row_as_full_screen_section=&#8221;no&#8221; type=&#8221;grid&#8221; angled_section=&#8221;no&#8221; text_align=&#8221;left&#8221; background_image_as_pattern=&#8221;without_pattern&#8221; z_index=&#8221;&#8221; css=&#8221;.vc_custom_1526914614719{padding-top: 110px !important;}&#8221;][vc_column][qode_elements_holder number_of_columns=&#8221;four_columns&#8221; switch_to_one_column=&#8221;never&#8221;][qode_elements_holder_item advanced_animations=&#8221;no&#8221; item_padding=&#8221;0px 0px 0px 0px&#8221; item_padding_1280_1440=&#8221;0px 0px 0px 0px&#8221; item_padding_1024_1280=&#8221;0px 0px 0px 0px&#8221; item_padding_768_1024=&#8221;0px 0px 0px 0px&#8221; item_padding_600_768=&#8221;0px 0px 0px 0px&#8221; item_padding_480_600=&#8221;0px 20px 0px 0px&#8221; item_padding_480=&#8221;0px 20px 0px 0px&#8221;][vc_single_image image=&#8221;362&#8243; img_size=&#8221;full&#8221; alignment=&#8221;center&#8221; qode_css_animation=&#8221;&#8221;][\/qode_elements_holder_item][qode_elements_holder_item advanced_animations=&#8221;no&#8221; item_padding=&#8221;0px 0px 0px 0px&#8221; item_padding_1280_1440=&#8221;0px 0px 0px 0px&#8221; item_padding_1024_1280=&#8221;0px 0px 0px 0px&#8221; item_padding_768_1024=&#8221;0px 0px 0px 0px&#8221; item_padding_600_768=&#8221;0px 8% 0px 0px&#8221; item_padding_480_600=&#8221;0px 23px 0px 19px&#8221; item_padding_480=&#8221;0px 23px 0px 19px&#8221;][vc_single_image image=&#8221;164&#8243; img_size=&#8221;full&#8221; alignment=&#8221;center&#8221; qode_css_animation=&#8221;&#8221;][\/qode_elements_holder_item][\/qode_elements_holder][\/vc_column][\/vc_row][vc_row css_animation=&#8221;&#8221; row_type=&#8221;row&#8221; use_row_as_full_screen_section=&#8221;no&#8221; type=&#8221;grid&#8221; angled_section=&#8221;no&#8221; text_align=&#8221;left&#8221; background_image_as_pattern=&#8221;without_pattern&#8221; z_index=&#8221;&#8221; css=&#8221;.vc_custom_1526914623191{padding-bottom: 171px !important;}&#8221;][vc_column css=&#8221;.vc_custom_1526914045770{margin-top: -23px !important;}&#8221;][qode_elements_holder number_of_columns=&#8221;four_columns&#8221; switch_to_one_column=&#8221;never&#8221;][qode_elements_holder_item advanced_animations=&#8221;no&#8221; item_padding=&#8221;0px 0px 0px 0px&#8221; item_padding_1280_1440=&#8221;0px 0px 0px 0px&#8221; item_padding_1024_1280=&#8221;0px 0px 0px 0px&#8221; item_padding_768_1024=&#8221;0px 0px 0px 0px&#8221; item_padding_600_768=&#8221;0px 50px 0px 60px&#8221; item_padding_480_600=&#8221;0px 18px 0px 0px&#8221; item_padding_480=&#8221;0px 18px 0px 0px&#8221;][vc_column_text]<\/p>\n<h4 style=\"text-align: center;\"><a href=\"https:\/\/www.instagram.com\/designmarketoulu\/\" target=\"_blank\" rel=\"noopener noreferrer\">IG<\/a><\/h4>\n<p>[\/vc_column_text][\/qode_elements_holder_item][qode_elements_holder_item advanced_animations=&#8221;no&#8221; item_padding=&#8221;0px 0px 0px 0px&#8221; item_padding_1280_1440=&#8221;0px 0px 0px 0px&#8221; item_padding_1024_1280=&#8221;0px 0px 0px 0px&#8221; item_padding_768_1024=&#8221;0px 0px 0px 0px&#8221; item_padding_600_768=&#8221;0px 39px 0px 74px&#8221; item_padding_480_600=&#8221;0px 0px 0px 17px&#8221; item_padding_480=&#8221;0px 0px 0px 17px&#8221;][vc_column_text]<\/p>\n<h4 style=\"text-align: center;\"><a href=\"https:\/\/www.facebook.com\/designmarketoulu\" target=\"_blank\" rel=\"noopener noreferrer\">FB<\/a><\/h4>\n<p>[\/vc_column_text][\/qode_elements_holder_item][\/qode_elements_holder][\/vc_column][\/vc_row]<\/p>\n","protected":false},"excerpt":{"rendered":"<p>[vc_row css_animation=&#8221;&#8221; row_type=&#8221;row&#8221; use_row_as_full_screen_section=&#8221;no&#8221; type=&#8221;full_width&#8221; angled_section=&#8221;no&#8221; text_align=&#8221;left&#8221; background_image_as_pattern=&#8221;without_pattern&#8221;][vc_column][rev_slider_vc alias=&#8221;home&#8221;][\/vc_column][\/vc_row][vc_row css_animation=&#8221;&#8221; row_type=&#8221;row&#8221; use_row_as_full_screen_section=&#8221;no&#8221; type=&#8221;grid&#8221; angled_section=&#8221;no&#8221; text_align=&#8221;left&#8221; background_image_as_pattern=&#8221;without_pattern&#8221; anchor=&#8221;about&#8221; padding_top=&#8221;180&#8243; z_index=&#8221;&#8221;][vc_column offset=&#8221;vc_col-lg-offset-0 vc_col-lg-6 vc_col-md-offset-0 vc_col-md-6 vc_col-sm-offset-0 vc_col-xs-12&#8243;][qode_elements_holder number_of_columns=&#8221;one_column&#8221;][qode_elements_holder_item advanced_animations=&#8221;no&#8221; item_padding=&#8221;0px 10px 0px 10px&#8221; item_padding_1280_1440=&#8221;0px 10px 0px 10px&#8221; item_padding_1024_1280=&#8221;0px 0px 0px 0px&#8221; item_padding_768_1024=&#8221;0px 0px 0px 0px&#8221; item_padding_600_768=&#8221;0px 0px&#8230;<\/p>\n","protected":false},"author":1,"featured_media":0,"parent":0,"menu_order":0,"comment_status":"closed","ping_status":"closed","template":"full_width.php","meta":{"footnotes":""},"class_list":["post-265","page","type-page","status-publish","hentry"],"_links":{"self":[{"href":"https:\/\/www.scandinaviandesignmarket.fi\/index.php\/wp-json\/wp\/v2\/pages\/265"}],"collection":[{"href":"https:\/\/www.scandinaviandesignmarket.fi\/index.php\/wp-json\/wp\/v2\/pages"}],"about":[{"href":"https:\/\/www.scandinaviandesignmarket.fi\/index.php\/wp-json\/wp\/v2\/types\/page"}],"author":[{"embeddable":true,"href":"https:\/\/www.scandinaviandesignmarket.fi\/index.php\/wp-json\/wp\/v2\/users\/1"}],"replies":[{"embeddable":true,"href":"https:\/\/www.scandinaviandesignmarket.fi\/index.php\/wp-json\/wp\/v2\/comments?post=265"}],"version-history":[{"count":168,"href":"https:\/\/www.scandinaviandesignmarket.fi\/index.php\/wp-json\/wp\/v2\/pages\/265\/revisions"}],"predecessor-version":[{"id":716,"href":"https:\/\/www.scandinaviandesignmarket.fi\/index.php\/wp-json\/wp\/v2\/pages\/265\/revisions\/716"}],"wp:attachment":[{"href":"https:\/\/www.scandinaviandesignmarket.fi\/index.php\/wp-json\/wp\/v2\/media?parent=265"}],"curies":[{"name":"wp","href":"https:\/\/api.w.org\/{rel}","templated":true}]}}